{"id":10,"date":"2017-10-26T23:57:36","date_gmt":"2017-10-26T23:57:36","guid":{"rendered":"http:\/\/michalmisiak.com\/?page_id=10"},"modified":"2023-09-19T10:49:48","modified_gmt":"2023-09-19T08:49:48","slug":"dydaktyka","status":"publish","type":"page","link":"https:\/\/michalmisiak.com\/?page_id=10","title":{"rendered":"Dydaktyka"},"content":{"rendered":"<p><strong>Pliki:<\/strong><\/p>\n<ul>\n<li><a href=\"https:\/\/docs.google.com\/forms\/d\/e\/1FAIpQLSc3ALDDSbxR318aZwAHX46fsc-8gG_wK0RKTG7vL2237Qi2GA\/viewform?usp=sf_link\">Jedzenie w perspektywie biologicznej i spo\u0142eczno-kulturowej<\/a><\/li>\n<li><a href=\"https:\/\/docs.google.com\/forms\/d\/e\/1FAIpQLSdr1DWJER7uHaY3KULXXADk_ZN3SdXQgdrS56PAgSGpDaM2pg\/viewform?usp=sf_link\">Psychologia kulturowa (wyk\u0142ad)<\/a><\/li>\n<li><a href=\"https:\/\/docs.google.com\/forms\/d\/e\/1FAIpQLSeWQSznPIUY8r8zVHNQZNO0-xiLT9An0YlaxfBZsq2qyN-6Tw\/viewform?usp=sf_link\">Psychologia spo\u0142eczna (konwersatoria) &#8211; semestr zimowy<\/a><\/li>\n<li><a href=\"https:\/\/docs.google.com\/forms\/d\/e\/1FAIpQLSewl7odBLj3j7_g1axzfW3SpRputothzNW7RhnxRcGEO32m6Q\/viewform?usp=sf_link\">Psychologia spo\u0142eczna (konwersatoria) &#8211; semestr letni<\/a><\/li>\n<\/ul>\n<p><strong>Files:<\/strong><\/p>\n<ul>\n<li><a href=\"https:\/\/docs.google.com\/forms\/d\/e\/1FAIpQLSc__8NBeHOSGsFVU52BHvQf6lQ5u_avmqCG1Sj9F8Xyu0lmOA\/viewform?usp=sf_link\">Social Psychology (lecture)<\/a><\/li>\n<li><a href=\"https:\/\/docs.google.com\/forms\/d\/e\/1FAIpQLSeLmEtZH-bD1-2h37xfPAmyildNv7tBrF2i2JVQY1MZx1LPxw\/viewform?usp=sf_link\">Psychology of Interpersonal Communication (workshops)<\/a><\/li>\n<\/ul>\n","protected":false},"excerpt":{"rendered":"<p>Pliki: Jedzenie w perspektywie biologicznej i spo\u0142eczno-kulturowej Psychologia kulturowa (wyk\u0142ad) Psychologia spo\u0142eczna (konwersatoria) &#8211; semestr zimowy Psychologia spo\u0142eczna (konwersatoria) &#8211; semestr letni Files: Social Psychology (lecture) Psychology of Interpersonal Communication (workshops)<\/p>\n","protected":false},"author":1,"featured_media":0,"parent":0,"menu_order":0,"comment_status":"closed","ping_status":"closed","template":"","meta":{"_monsterinsights_skip_tracking":false,"_monsterinsights_sitenote_active":false,"_monsterinsights_sitenote_note":"","_monsterinsights_sitenote_category":0,"ngg_post_thumbnail":0,"footnotes":""},"class_list":["post-10","page","type-page","status-publish","hentry"],"_links":{"self":[{"href":"https:\/\/michalmisiak.com\/index.php?rest_route=\/wp\/v2\/pages\/10","targetHints":{"allow":["GET"]}}],"collection":[{"href":"https:\/\/michalmisiak.com\/index.php?rest_route=\/wp\/v2\/pages"}],"about":[{"href":"https:\/\/michalmisiak.com\/index.php?rest_route=\/wp\/v2\/types\/page"}],"author":[{"embeddable":true,"href":"https:\/\/michalmisiak.com\/index.php?rest_route=\/wp\/v2\/users\/1"}],"replies":[{"embeddable":true,"href":"https:\/\/michalmisiak.com\/index.php?rest_route=%2Fwp%2Fv2%2Fcomments&post=10"}],"version-history":[{"count":13,"href":"https:\/\/michalmisiak.com\/index.php?rest_route=\/wp\/v2\/pages\/10\/revisions"}],"predecessor-version":[{"id":587,"href":"https:\/\/michalmisiak.com\/index.php?rest_route=\/wp\/v2\/pages\/10\/revisions\/587"}],"wp:attachment":[{"href":"https:\/\/michalmisiak.com\/index.php?rest_route=%2Fwp%2Fv2%2Fmedia&parent=10"}],"curies":[{"name":"wp","href":"https:\/\/api.w.org\/{rel}","templated":true}]}}