{"id":483,"date":"2021-02-05T21:51:34","date_gmt":"2021-02-05T20:51:34","guid":{"rendered":"http:\/\/michalmisiak.com\/?page_id=483"},"modified":"2025-10-14T17:30:09","modified_gmt":"2025-10-14T15:30:09","slug":"eng","status":"publish","type":"page","link":"https:\/\/michalmisiak.com\/?page_id=483&lang=en","title":{"rendered":"About me"},"content":{"rendered":"\n<p><div class='content-column one_half'>I&#8217;m Michal and I am a psychologist. I finished my PhD at the Institute of Psychology, <strong><a href=\"https:\/\/uni.wroc.pl\/en\/\">University of Wroclaw<\/a>.<\/strong> Currently, I work at the Institute of Psychology at the University of Wroc\u0142aw. I also collaborate with the <a href=\"https:\/\/www.anthro.ox.ac.uk\/\"><strong>University of Oxford, School of Anthropology &amp; Museum Ethnography.<\/strong><\/a> My current research interests revolve around the psychology of cooperation and conflict.<\/p>\n\n\n\n<p>A significant portion of my research is centered on moral judgments related to food wasting behaviour and whether they are connected to how people treat food. Some of my research is conducted among members of non-industrialized populations: the Hadza hunter-gatherers, the Maasai (Northern Tanzania), and the Yali (New Guinea). I am a strong advocate for Open Science and Big Team Science.<\/p>\n\n\n\n<p>In addition to my academic work, I serve as a scientific consultant for non-governmental organizations, including humanitarian ones. I assist in research design, analysis, and result interpretation. Additionally, I support organizations in designing behavioral interventions aimed at behavior change. I find great joy in popularizing science and strive to do so frequently\u2014whether through writing texts, giving lectures, conducting workshops, or appearing in the media.<\/p>\n\n\n\n<p>In my free time, I lift weights, roll on the mat, and experiment in the kitchen. When I&#8217;m traveling, I make a point to visit a local museum of natural history and take a picture with a dead dinosaur. I&#8217;m one of the few people who genuinely believe that pineapple pizza is the <em>cr\u00e8me de la cr\u00e8me<\/em> of human culinary achievements.<\/p>\n\n\n\n<p><strong>My e-mail address: michal.misiak(&lt;&lt;at&gt;&gt;)uwr.edu.pl<\/div><\/strong><\/p>\n\n\n\n<div class='content-column one_half last_column'><div class=\"wp-block-image\">\n<figure class=\"aligncenter size-large\"><img loading=\"lazy\" decoding=\"async\" width=\"1005\" height=\"1024\" src=\"https:\/\/michalmisiak.com\/wp-content\/uploads\/2021\/11\/1635722290417-1-3-1005x1024.jpg\" alt=\"\" class=\"wp-image-533\" srcset=\"https:\/\/michalmisiak.com\/wp-content\/uploads\/2021\/11\/1635722290417-1-3-1005x1024.jpg 1005w, https:\/\/michalmisiak.com\/wp-content\/uploads\/2021\/11\/1635722290417-1-3-294x300.jpg 294w, https:\/\/michalmisiak.com\/wp-content\/uploads\/2021\/11\/1635722290417-1-3-768x783.jpg 768w, https:\/\/michalmisiak.com\/wp-content\/uploads\/2021\/11\/1635722290417-1-3-1507x1536.jpg 1507w, https:\/\/michalmisiak.com\/wp-content\/uploads\/2021\/11\/1635722290417-1-3.jpg 1860w\" sizes=\"auto, (max-width: 1005px) 100vw, 1005px\" \/><\/figure><\/div>\n\n\n<p>\r\n<div id=\"sb_instagram\"  class=\"sbi sbi_mob_col_1 sbi_tab_col_2 sbi_col_6 sbi_width_resp\" style=\"padding-bottom: 10px;width: 100%;\" data-feedid=\"sbi_17841407045033183#6\"  data-res=\"auto\" data-cols=\"6\" data-colsmobile=\"1\" data-colstablet=\"2\" data-num=\"6\" data-nummobile=\"\" data-shortcode-atts=\"{&quot;cachetime&quot;:30}\"  data-postid=\"483\" data-locatornonce=\"11c46c8adc\" data-sbi-flags=\"favorLocal\">\r\n\t<div class=\"sb_instagram_header  sbi_no_avatar\"  style=\"padding: 5px;padding-bottom: 0; margin-bottom: 10px;\"  >\r\n\t<a href=\"https:\/\/www.instagram.com\/michal_myszak\/\" target=\"_blank\" rel=\"nofollow noopener\"  title=\"@michal_myszak\" class=\"sbi_header_link\">\r\n\t\t<div class=\"sbi_header_text sbi_no_bio\">\r\n\t\t\t\r\n\t\t\t<h3>michal_myszak<\/h3>\r\n\t\t\t\t\t<\/div>\r\n\r\n\t\t\t\t\t<div class=\"sbi_header_img\">\r\n\t\t\t\t\t\t\t\t\t\t\t\t\t<div class=\"sbi_header_hashtag_icon\"  ><svg class=\"sbi_new_logo fa-instagram fa-w-14\" aria-hidden=\"true\" data-fa-processed=\"\" aria-label=\"Instagram\" data-prefix=\"fab\" data-icon=\"instagram\" role=\"img\" viewBox=\"0 0 448 512\">\n\t                <path fill=\"currentColor\" d=\"M224.1 141c-63.6 0-114.9 51.3-114.9 114.9s51.3 114.9 114.9 114.9S339 319.5 339 255.9 287.7 141 224.1 141zm0 189.6c-41.1 0-74.7-33.5-74.7-74.7s33.5-74.7 74.7-74.7 74.7 33.5 74.7 74.7-33.6 74.7-74.7 74.7zm146.4-194.3c0 14.9-12 26.8-26.8 26.8-14.9 0-26.8-12-26.8-26.8s12-26.8 26.8-26.8 26.8 12 26.8 26.8zm76.1 27.2c-1.7-35.9-9.9-67.7-36.2-93.9-26.2-26.2-58-34.4-93.9-36.2-37-2.1-147.9-2.1-184.9 0-35.8 1.7-67.6 9.9-93.9 36.1s-34.4 58-36.2 93.9c-2.1 37-2.1 147.9 0 184.9 1.7 35.9 9.9 67.7 36.2 93.9s58 34.4 93.9 36.2c37 2.1 147.9 2.1 184.9 0 35.9-1.7 67.7-9.9 93.9-36.2 26.2-26.2 34.4-58 36.2-93.9 2.1-37 2.1-147.8 0-184.8zM398.8 388c-7.8 19.6-22.9 34.7-42.6 42.6-29.5 11.7-99.5 9-132.1 9s-102.7 2.6-132.1-9c-19.6-7.8-34.7-22.9-42.6-42.6-11.7-29.5-9-99.5-9-132.1s-2.6-102.7 9-132.1c7.8-19.6 22.9-34.7 42.6-42.6 29.5-11.7 99.5-9 132.1-9s102.7-2.6 132.1 9c19.6 7.8 34.7 22.9 42.6 42.6 11.7 29.5 9 99.5 9 132.1s2.7 102.7-9 132.1z\"><\/path>\n\t            <\/svg><\/div>\r\n\t\t\t\t\t\t\t<\/div>\r\n\t\t\r\n\t<\/a>\r\n<\/div>\r\n\r\n    <div id=\"sbi_images\"  style=\"padding: 5px;\">\r\n\t\t<div class=\"sbi_item sbi_type_image sbi_new sbi_transition\" id=\"sbi_17961358129808978\" data-date=\"1661512544\">\r\n    <div class=\"sbi_photo_wrap\">\r\n        <a class=\"sbi_photo\" href=\"https:\/\/www.instagram.com\/p\/ChuH6x-DcQ4\/\" target=\"_blank\" rel=\"noopener nofollow\" data-full-res=\"https:\/\/scontent-lhr8-1.cdninstagram.com\/v\/t51.29350-15\/301272357_738951804071690_6520837549671088353_n.webp?stp=dst-jpg&#038;_nc_cat=110&#038;ccb=1-7&#038;_nc_sid=8ae9d6&#038;_nc_ohc=TH9y_D5lWXIAX_aCKK2&#038;_nc_ht=scontent-lhr8-1.cdninstagram.com&#038;edm=ANo9K5cEAAAA&#038;oh=00_AfB8dVlq0xJS6RYqtJ3O0bKMds5d8UulfDG8UMlU2nyvDQ&#038;oe=64D49994\" data-img-src-set=\"{&quot;d&quot;:&quot;https:\\\/\\\/scontent-lhr8-1.cdninstagram.com\\\/v\\\/t51.29350-15\\\/301272357_738951804071690_6520837549671088353_n.webp?stp=dst-jpg&amp;_nc_cat=110&amp;ccb=1-7&amp;_nc_sid=8ae9d6&amp;_nc_ohc=TH9y_D5lWXIAX_aCKK2&amp;_nc_ht=scontent-lhr8-1.cdninstagram.com&amp;edm=ANo9K5cEAAAA&amp;oh=00_AfB8dVlq0xJS6RYqtJ3O0bKMds5d8UulfDG8UMlU2nyvDQ&amp;oe=64D49994&quot;,&quot;150&quot;:&quot;https:\\\/\\\/scontent-lhr8-1.cdninstagram.com\\\/v\\\/t51.29350-15\\\/301272357_738951804071690_6520837549671088353_n.webp?stp=dst-jpg&amp;_nc_cat=110&amp;ccb=1-7&amp;_nc_sid=8ae9d6&amp;_nc_ohc=TH9y_D5lWXIAX_aCKK2&amp;_nc_ht=scontent-lhr8-1.cdninstagram.com&amp;edm=ANo9K5cEAAAA&amp;oh=00_AfB8dVlq0xJS6RYqtJ3O0bKMds5d8UulfDG8UMlU2nyvDQ&amp;oe=64D49994&quot;,&quot;320&quot;:&quot;https:\\\/\\\/scontent-lhr8-1.cdninstagram.com\\\/v\\\/t51.29350-15\\\/301272357_738951804071690_6520837549671088353_n.webp?stp=dst-jpg&amp;_nc_cat=110&amp;ccb=1-7&amp;_nc_sid=8ae9d6&amp;_nc_ohc=TH9y_D5lWXIAX_aCKK2&amp;_nc_ht=scontent-lhr8-1.cdninstagram.com&amp;edm=ANo9K5cEAAAA&amp;oh=00_AfB8dVlq0xJS6RYqtJ3O0bKMds5d8UulfDG8UMlU2nyvDQ&amp;oe=64D49994&quot;,&quot;640&quot;:&quot;https:\\\/\\\/scontent-lhr8-1.cdninstagram.com\\\/v\\\/t51.29350-15\\\/301272357_738951804071690_6520837549671088353_n.webp?stp=dst-jpg&amp;_nc_cat=110&amp;ccb=1-7&amp;_nc_sid=8ae9d6&amp;_nc_ohc=TH9y_D5lWXIAX_aCKK2&amp;_nc_ht=scontent-lhr8-1.cdninstagram.com&amp;edm=ANo9K5cEAAAA&amp;oh=00_AfB8dVlq0xJS6RYqtJ3O0bKMds5d8UulfDG8UMlU2nyvDQ&amp;oe=64D49994&quot;}\">\r\n            <span class=\"sbi-screenreader\">Je\u015bli kto\u015b si\u0119 st\u0119skni\u0142 za moj\u0105 buzi\u0105, to m<\/span>\r\n            \t                    <img decoding=\"async\" src=\"https:\/\/michalmisiak.com\/wp-content\/plugins\/instagram-feed\/img\/placeholder.png\" alt=\"Je\u015bli kto\u015b si\u0119 st\u0119skni\u0142 za moj\u0105 buzi\u0105, to mo\u017cna j\u0105 sobie dzisiaj w kiosku kupi\u0107 :p link do artyku\u0142u w bio!\">\r\n        <\/a>\r\n    <\/div>\r\n<\/div><div class=\"sbi_item sbi_type_image sbi_new sbi_transition\" id=\"sbi_17932438184070324\" data-date=\"1646405707\">\r\n    <div class=\"sbi_photo_wrap\">\r\n        <a class=\"sbi_photo\" href=\"https:\/\/www.instagram.com\/p\/Car56h_gXyb\/\" target=\"_blank\" rel=\"noopener nofollow\" data-full-res=\"https:\/\/scontent-lhr8-1.cdninstagram.com\/v\/t51.29350-15\/275102398_1035588520696815_1369939679428624550_n.webp?stp=dst-jpg&#038;_nc_cat=108&#038;ccb=1-7&#038;_nc_sid=8ae9d6&#038;_nc_ohc=wm0Fuy_8tvIAX9CK2O8&#038;_nc_ht=scontent-lhr8-1.cdninstagram.com&#038;edm=ANo9K5cEAAAA&#038;oh=00_AfCu7pKpE9hRlFEOs8QjrYZCQJ9nlDzbLe0cxZx7F6Dalw&#038;oe=64D4CB9D\" data-img-src-set=\"{&quot;d&quot;:&quot;https:\\\/\\\/scontent-lhr8-1.cdninstagram.com\\\/v\\\/t51.29350-15\\\/275102398_1035588520696815_1369939679428624550_n.webp?stp=dst-jpg&amp;_nc_cat=108&amp;ccb=1-7&amp;_nc_sid=8ae9d6&amp;_nc_ohc=wm0Fuy_8tvIAX9CK2O8&amp;_nc_ht=scontent-lhr8-1.cdninstagram.com&amp;edm=ANo9K5cEAAAA&amp;oh=00_AfCu7pKpE9hRlFEOs8QjrYZCQJ9nlDzbLe0cxZx7F6Dalw&amp;oe=64D4CB9D&quot;,&quot;150&quot;:&quot;https:\\\/\\\/scontent-lhr8-1.cdninstagram.com\\\/v\\\/t51.29350-15\\\/275102398_1035588520696815_1369939679428624550_n.webp?stp=dst-jpg&amp;_nc_cat=108&amp;ccb=1-7&amp;_nc_sid=8ae9d6&amp;_nc_ohc=wm0Fuy_8tvIAX9CK2O8&amp;_nc_ht=scontent-lhr8-1.cdninstagram.com&amp;edm=ANo9K5cEAAAA&amp;oh=00_AfCu7pKpE9hRlFEOs8QjrYZCQJ9nlDzbLe0cxZx7F6Dalw&amp;oe=64D4CB9D&quot;,&quot;320&quot;:&quot;https:\\\/\\\/scontent-lhr8-1.cdninstagram.com\\\/v\\\/t51.29350-15\\\/275102398_1035588520696815_1369939679428624550_n.webp?stp=dst-jpg&amp;_nc_cat=108&amp;ccb=1-7&amp;_nc_sid=8ae9d6&amp;_nc_ohc=wm0Fuy_8tvIAX9CK2O8&amp;_nc_ht=scontent-lhr8-1.cdninstagram.com&amp;edm=ANo9K5cEAAAA&amp;oh=00_AfCu7pKpE9hRlFEOs8QjrYZCQJ9nlDzbLe0cxZx7F6Dalw&amp;oe=64D4CB9D&quot;,&quot;640&quot;:&quot;https:\\\/\\\/scontent-lhr8-1.cdninstagram.com\\\/v\\\/t51.29350-15\\\/275102398_1035588520696815_1369939679428624550_n.webp?stp=dst-jpg&amp;_nc_cat=108&amp;ccb=1-7&amp;_nc_sid=8ae9d6&amp;_nc_ohc=wm0Fuy_8tvIAX9CK2O8&amp;_nc_ht=scontent-lhr8-1.cdninstagram.com&amp;edm=ANo9K5cEAAAA&amp;oh=00_AfCu7pKpE9hRlFEOs8QjrYZCQJ9nlDzbLe0cxZx7F6Dalw&amp;oe=64D4CB9D&quot;}\">\r\n            <span class=\"sbi-screenreader\">Dzisiaj stukn\u0119\u0142a mi trzydziestka! Je\u017celi z tej <\/span>\r\n            \t                    <img decoding=\"async\" src=\"https:\/\/michalmisiak.com\/wp-content\/plugins\/instagram-feed\/img\/placeholder.png\" alt=\"Dzisiaj stukn\u0119\u0142a mi trzydziestka! Je\u017celi z tej okazji kto\u015b z was chcia\u0142by sprawi\u0107 mi przyjemno\u015b\u0107, to dorzu\u0107cie si\u0119, prosz\u0119, do mojej skarbonki \u2014 cho\u0107by symbolicznie.\n\nKwota, jak\u0105 zbierzemy, jest cz\u0119\u015bci\u0105 zbi\u00f3rki na pomoc humanitarn\u0105 na linii frontu w Ukrainie, organizowan\u0105 przez Polsk\u0105 Akcj\u0119 Humanitarn\u0105.\u00a0Ufam tej organizacji i wiem, \u017ce zrobi\u0105 z naszych pieni\u0119dzy dobry u\u017cytek.\u00a0Maj\u0105 do\u015bwiadczenie, w tym, co robi\u0105 \u2014 PAH w tym roku te\u017c ko\u0144czy trzydziestk\u0119!\n\nJestem farciarzem. Tylko 500 km zdecydowa\u0142o, \u017ce moje miejsce urodzenia pozwala mi dzi\u015b \u015bwi\u0119towa\u0107 w spokoju i w towarzystwie bliskich. Raz w \u017cyciu u\u017cywa\u0142em koktajlu Mo\u0142otowa. Dla zabawy.\n\nLink w bio.\n\nZdj\u0119cie z Kijowa (2018).\">\r\n        <\/a>\r\n    <\/div>\r\n<\/div><div class=\"sbi_item sbi_type_image sbi_new sbi_transition\" id=\"sbi_17878087910564862\" data-date=\"1636113631\">\r\n    <div class=\"sbi_photo_wrap\">\r\n        <a class=\"sbi_photo\" href=\"https:\/\/www.instagram.com\/p\/CV5LVepgI-K\/\" target=\"_blank\" rel=\"noopener nofollow\" data-full-res=\"https:\/\/scontent-lhr8-1.cdninstagram.com\/v\/t51.29350-15\/253160005_1047889842691953_2261852317504479289_n.jpg?_nc_cat=109&#038;ccb=1-7&#038;_nc_sid=8ae9d6&#038;_nc_ohc=Zqk3msoXy10AX9BzRVE&#038;_nc_ht=scontent-lhr8-1.cdninstagram.com&#038;edm=ANo9K5cEAAAA&#038;oh=00_AfALkqw0TSTY89CkyfCqnfZx3Pp1C7R2AjsId-u5MlvxXA&#038;oe=64D61D93\" data-img-src-set=\"{&quot;d&quot;:&quot;https:\\\/\\\/scontent-lhr8-1.cdninstagram.com\\\/v\\\/t51.29350-15\\\/253160005_1047889842691953_2261852317504479289_n.jpg?_nc_cat=109&amp;ccb=1-7&amp;_nc_sid=8ae9d6&amp;_nc_ohc=Zqk3msoXy10AX9BzRVE&amp;_nc_ht=scontent-lhr8-1.cdninstagram.com&amp;edm=ANo9K5cEAAAA&amp;oh=00_AfALkqw0TSTY89CkyfCqnfZx3Pp1C7R2AjsId-u5MlvxXA&amp;oe=64D61D93&quot;,&quot;150&quot;:&quot;https:\\\/\\\/scontent-lhr8-1.cdninstagram.com\\\/v\\\/t51.29350-15\\\/253160005_1047889842691953_2261852317504479289_n.jpg?_nc_cat=109&amp;ccb=1-7&amp;_nc_sid=8ae9d6&amp;_nc_ohc=Zqk3msoXy10AX9BzRVE&amp;_nc_ht=scontent-lhr8-1.cdninstagram.com&amp;edm=ANo9K5cEAAAA&amp;oh=00_AfALkqw0TSTY89CkyfCqnfZx3Pp1C7R2AjsId-u5MlvxXA&amp;oe=64D61D93&quot;,&quot;320&quot;:&quot;https:\\\/\\\/scontent-lhr8-1.cdninstagram.com\\\/v\\\/t51.29350-15\\\/253160005_1047889842691953_2261852317504479289_n.jpg?_nc_cat=109&amp;ccb=1-7&amp;_nc_sid=8ae9d6&amp;_nc_ohc=Zqk3msoXy10AX9BzRVE&amp;_nc_ht=scontent-lhr8-1.cdninstagram.com&amp;edm=ANo9K5cEAAAA&amp;oh=00_AfALkqw0TSTY89CkyfCqnfZx3Pp1C7R2AjsId-u5MlvxXA&amp;oe=64D61D93&quot;,&quot;640&quot;:&quot;https:\\\/\\\/scontent-lhr8-1.cdninstagram.com\\\/v\\\/t51.29350-15\\\/253160005_1047889842691953_2261852317504479289_n.jpg?_nc_cat=109&amp;ccb=1-7&amp;_nc_sid=8ae9d6&amp;_nc_ohc=Zqk3msoXy10AX9BzRVE&amp;_nc_ht=scontent-lhr8-1.cdninstagram.com&amp;edm=ANo9K5cEAAAA&amp;oh=00_AfALkqw0TSTY89CkyfCqnfZx3Pp1C7R2AjsId-u5MlvxXA&amp;oe=64D61D93&quot;}\">\r\n            <span class=\"sbi-screenreader\">W\u0142a\u015bnie ukaza\u0142 si\u0119 artyku\u0142 o jednej z moich &quot;<\/span>\r\n            \t                    <img decoding=\"async\" src=\"https:\/\/michalmisiak.com\/wp-content\/plugins\/instagram-feed\/img\/placeholder.png\" alt=\"W\u0142a\u015bnie ukaza\u0142 si\u0119 artyku\u0142 o jednej z moich &quot;guilty pleasures&quot;. Na czym polega magia Fame MMA i innych gal freakowych?\nLink w bio!\n#famemma #highleague #ksw #mmavip #boxdel #mma\">\r\n        <\/a>\r\n    <\/div>\r\n<\/div><div class=\"sbi_item sbi_type_image sbi_new sbi_transition\" id=\"sbi_17848745927661661\" data-date=\"1634818886\">\r\n    <div class=\"sbi_photo_wrap\">\r\n        <a class=\"sbi_photo\" href=\"https:\/\/www.instagram.com\/p\/CVSlzjnqH7B\/\" target=\"_blank\" rel=\"noopener nofollow\" data-full-res=\"https:\/\/scontent-lhr8-1.cdninstagram.com\/v\/t51.29350-15\/247131419_403316501243461_5909527925498846713_n.jpg?_nc_cat=108&#038;ccb=1-7&#038;_nc_sid=8ae9d6&#038;_nc_ohc=oZikwpg90HIAX_Vo01O&#038;_nc_ht=scontent-lhr8-1.cdninstagram.com&#038;edm=ANo9K5cEAAAA&#038;oh=00_AfCz89hg7v5QINyfgyY4PXmHKPMKhg-wMrs41oLCaj_ZOQ&#038;oe=64D4A6E0\" data-img-src-set=\"{&quot;d&quot;:&quot;https:\\\/\\\/scontent-lhr8-1.cdninstagram.com\\\/v\\\/t51.29350-15\\\/247131419_403316501243461_5909527925498846713_n.jpg?_nc_cat=108&amp;ccb=1-7&amp;_nc_sid=8ae9d6&amp;_nc_ohc=oZikwpg90HIAX_Vo01O&amp;_nc_ht=scontent-lhr8-1.cdninstagram.com&amp;edm=ANo9K5cEAAAA&amp;oh=00_AfCz89hg7v5QINyfgyY4PXmHKPMKhg-wMrs41oLCaj_ZOQ&amp;oe=64D4A6E0&quot;,&quot;150&quot;:&quot;https:\\\/\\\/scontent-lhr8-1.cdninstagram.com\\\/v\\\/t51.29350-15\\\/247131419_403316501243461_5909527925498846713_n.jpg?_nc_cat=108&amp;ccb=1-7&amp;_nc_sid=8ae9d6&amp;_nc_ohc=oZikwpg90HIAX_Vo01O&amp;_nc_ht=scontent-lhr8-1.cdninstagram.com&amp;edm=ANo9K5cEAAAA&amp;oh=00_AfCz89hg7v5QINyfgyY4PXmHKPMKhg-wMrs41oLCaj_ZOQ&amp;oe=64D4A6E0&quot;,&quot;320&quot;:&quot;https:\\\/\\\/scontent-lhr8-1.cdninstagram.com\\\/v\\\/t51.29350-15\\\/247131419_403316501243461_5909527925498846713_n.jpg?_nc_cat=108&amp;ccb=1-7&amp;_nc_sid=8ae9d6&amp;_nc_ohc=oZikwpg90HIAX_Vo01O&amp;_nc_ht=scontent-lhr8-1.cdninstagram.com&amp;edm=ANo9K5cEAAAA&amp;oh=00_AfCz89hg7v5QINyfgyY4PXmHKPMKhg-wMrs41oLCaj_ZOQ&amp;oe=64D4A6E0&quot;,&quot;640&quot;:&quot;https:\\\/\\\/scontent-lhr8-1.cdninstagram.com\\\/v\\\/t51.29350-15\\\/247131419_403316501243461_5909527925498846713_n.jpg?_nc_cat=108&amp;ccb=1-7&amp;_nc_sid=8ae9d6&amp;_nc_ohc=oZikwpg90HIAX_Vo01O&amp;_nc_ht=scontent-lhr8-1.cdninstagram.com&amp;edm=ANo9K5cEAAAA&amp;oh=00_AfCz89hg7v5QINyfgyY4PXmHKPMKhg-wMrs41oLCaj_ZOQ&amp;oe=64D4A6E0&quot;}\">\r\n            <span class=\"sbi-screenreader\"><\/span>\r\n            \t                    <img decoding=\"async\" src=\"https:\/\/michalmisiak.com\/wp-content\/plugins\/instagram-feed\/img\/placeholder.png\" alt=\"Doktor Misiak - brzmi troch\u0119 jak posta\u0107 z kresk\u00f3wki, kt\u00f3ra ma oswaja\u0107 dzieci z lekarzami :D\">\r\n        <\/a>\r\n    <\/div>\r\n<\/div><div class=\"sbi_item sbi_type_image sbi_new sbi_transition\" id=\"sbi_17896349974699343\" data-date=\"1608200383\">\r\n    <div class=\"sbi_photo_wrap\">\r\n        <a class=\"sbi_photo\" href=\"https:\/\/www.instagram.com\/p\/CI5TCqfAWpM\/\" target=\"_blank\" rel=\"noopener nofollow\" data-full-res=\"https:\/\/scontent-lhr8-1.cdninstagram.com\/v\/t51.29350-15\/130907123_211116223845714_6004519965033022680_n.jpg?_nc_cat=103&#038;ccb=1-7&#038;_nc_sid=8ae9d6&#038;_nc_ohc=Fj4QHkdTF5sAX8MSVeT&#038;_nc_ht=scontent-lhr8-1.cdninstagram.com&#038;edm=ANo9K5cEAAAA&#038;oh=00_AfDBf_gLMren5MpOKwPen3pamh4wOlRICLjRb6GHtEdjWw&#038;oe=64D574CB\" data-img-src-set=\"{&quot;d&quot;:&quot;https:\\\/\\\/scontent-lhr8-1.cdninstagram.com\\\/v\\\/t51.29350-15\\\/130907123_211116223845714_6004519965033022680_n.jpg?_nc_cat=103&amp;ccb=1-7&amp;_nc_sid=8ae9d6&amp;_nc_ohc=Fj4QHkdTF5sAX8MSVeT&amp;_nc_ht=scontent-lhr8-1.cdninstagram.com&amp;edm=ANo9K5cEAAAA&amp;oh=00_AfDBf_gLMren5MpOKwPen3pamh4wOlRICLjRb6GHtEdjWw&amp;oe=64D574CB&quot;,&quot;150&quot;:&quot;https:\\\/\\\/scontent-lhr8-1.cdninstagram.com\\\/v\\\/t51.29350-15\\\/130907123_211116223845714_6004519965033022680_n.jpg?_nc_cat=103&amp;ccb=1-7&amp;_nc_sid=8ae9d6&amp;_nc_ohc=Fj4QHkdTF5sAX8MSVeT&amp;_nc_ht=scontent-lhr8-1.cdninstagram.com&amp;edm=ANo9K5cEAAAA&amp;oh=00_AfDBf_gLMren5MpOKwPen3pamh4wOlRICLjRb6GHtEdjWw&amp;oe=64D574CB&quot;,&quot;320&quot;:&quot;https:\\\/\\\/scontent-lhr8-1.cdninstagram.com\\\/v\\\/t51.29350-15\\\/130907123_211116223845714_6004519965033022680_n.jpg?_nc_cat=103&amp;ccb=1-7&amp;_nc_sid=8ae9d6&amp;_nc_ohc=Fj4QHkdTF5sAX8MSVeT&amp;_nc_ht=scontent-lhr8-1.cdninstagram.com&amp;edm=ANo9K5cEAAAA&amp;oh=00_AfDBf_gLMren5MpOKwPen3pamh4wOlRICLjRb6GHtEdjWw&amp;oe=64D574CB&quot;,&quot;640&quot;:&quot;https:\\\/\\\/scontent-lhr8-1.cdninstagram.com\\\/v\\\/t51.29350-15\\\/130907123_211116223845714_6004519965033022680_n.jpg?_nc_cat=103&amp;ccb=1-7&amp;_nc_sid=8ae9d6&amp;_nc_ohc=Fj4QHkdTF5sAX8MSVeT&amp;_nc_ht=scontent-lhr8-1.cdninstagram.com&amp;edm=ANo9K5cEAAAA&amp;oh=00_AfDBf_gLMren5MpOKwPen3pamh4wOlRICLjRb6GHtEdjWw&amp;oe=64D574CB&quot;}\">\r\n            <span class=\"sbi-screenreader\">Wczoraj ukazal si\u0119 m\u00f3j artyku\u0142 popularnonaukowy<\/span>\r\n            \t                    <img decoding=\"async\" src=\"https:\/\/michalmisiak.com\/wp-content\/plugins\/instagram-feed\/img\/placeholder.png\" alt=\"Wczoraj ukazal si\u0119 m\u00f3j artyku\u0142 popularnonaukowy o jedzeniu ludziny. Link w bio. Je\u017celi nie macie jeszcze pomys\u0142u na dzisiejszy obiad, to zapraszam do czytania! Mo\u017ce znajdziecie inspiracj\u0119 :D \nAutor grafiki: Theodore de Bry (1592)\">\r\n        <\/a>\r\n    <\/div>\r\n<\/div><div class=\"sbi_item sbi_type_image sbi_new sbi_transition\" id=\"sbi_17844285350490331\" data-date=\"1606761750\">\r\n    <div class=\"sbi_photo_wrap\">\r\n        <a class=\"sbi_photo\" href=\"https:\/\/www.instagram.com\/p\/CIObEPWAoc5\/\" target=\"_blank\" rel=\"noopener nofollow\" data-full-res=\"https:\/\/scontent-lhr8-1.cdninstagram.com\/v\/t51.29350-15\/128424414_854880155263755_3215229310629790085_n.jpg?_nc_cat=103&#038;ccb=1-7&#038;_nc_sid=8ae9d6&#038;_nc_ohc=fLq10mjGRvIAX9zFTnj&#038;_nc_ht=scontent-lhr8-1.cdninstagram.com&#038;edm=ANo9K5cEAAAA&#038;oh=00_AfCF935BEp8eQ761vfRyr71PKaRjJVs9YnEmKhTBibxB4w&#038;oe=64D61C5C\" data-img-src-set=\"{&quot;d&quot;:&quot;https:\\\/\\\/scontent-lhr8-1.cdninstagram.com\\\/v\\\/t51.29350-15\\\/128424414_854880155263755_3215229310629790085_n.jpg?_nc_cat=103&amp;ccb=1-7&amp;_nc_sid=8ae9d6&amp;_nc_ohc=fLq10mjGRvIAX9zFTnj&amp;_nc_ht=scontent-lhr8-1.cdninstagram.com&amp;edm=ANo9K5cEAAAA&amp;oh=00_AfCF935BEp8eQ761vfRyr71PKaRjJVs9YnEmKhTBibxB4w&amp;oe=64D61C5C&quot;,&quot;150&quot;:&quot;https:\\\/\\\/scontent-lhr8-1.cdninstagram.com\\\/v\\\/t51.29350-15\\\/128424414_854880155263755_3215229310629790085_n.jpg?_nc_cat=103&amp;ccb=1-7&amp;_nc_sid=8ae9d6&amp;_nc_ohc=fLq10mjGRvIAX9zFTnj&amp;_nc_ht=scontent-lhr8-1.cdninstagram.com&amp;edm=ANo9K5cEAAAA&amp;oh=00_AfCF935BEp8eQ761vfRyr71PKaRjJVs9YnEmKhTBibxB4w&amp;oe=64D61C5C&quot;,&quot;320&quot;:&quot;https:\\\/\\\/scontent-lhr8-1.cdninstagram.com\\\/v\\\/t51.29350-15\\\/128424414_854880155263755_3215229310629790085_n.jpg?_nc_cat=103&amp;ccb=1-7&amp;_nc_sid=8ae9d6&amp;_nc_ohc=fLq10mjGRvIAX9zFTnj&amp;_nc_ht=scontent-lhr8-1.cdninstagram.com&amp;edm=ANo9K5cEAAAA&amp;oh=00_AfCF935BEp8eQ761vfRyr71PKaRjJVs9YnEmKhTBibxB4w&amp;oe=64D61C5C&quot;,&quot;640&quot;:&quot;https:\\\/\\\/scontent-lhr8-1.cdninstagram.com\\\/v\\\/t51.29350-15\\\/128424414_854880155263755_3215229310629790085_n.jpg?_nc_cat=103&amp;ccb=1-7&amp;_nc_sid=8ae9d6&amp;_nc_ohc=fLq10mjGRvIAX9zFTnj&amp;_nc_ht=scontent-lhr8-1.cdninstagram.com&amp;edm=ANo9K5cEAAAA&amp;oh=00_AfCF935BEp8eQ761vfRyr71PKaRjJVs9YnEmKhTBibxB4w&amp;oe=64D61C5C&quot;}\">\r\n            <span class=\"sbi-screenreader\">Naprawiam Winiemu \u017cyrandol:D Sprawdzajcie na: htt<\/span>\r\n            \t                    <img decoding=\"async\" src=\"https:\/\/michalmisiak.com\/wp-content\/plugins\/instagram-feed\/img\/placeholder.png\" alt=\"Naprawiam Winiemu \u017cyrandol:D Sprawdzajcie na: https:\/\/youtu.be\/Z_6DEABHLxs\">\r\n        <\/a>\r\n    <\/div>\r\n<\/div>    <\/div>\r\n\r\n\t<div id=\"sbi_load\" >\r\n\r\n\t\r\n\t\t\t<span class=\"sbi_follow_btn\">\r\n        <a href=\"https:\/\/www.instagram.com\/michal_myszak\/\" target=\"_blank\" rel=\"nofollow noopener\">\r\n            <svg class=\"svg-inline--fa fa-instagram fa-w-14\" aria-hidden=\"true\" data-fa-processed=\"\" aria-label=\"Instagram\" data-prefix=\"fab\" data-icon=\"instagram\" role=\"img\" viewBox=\"0 0 448 512\">\n\t                <path fill=\"currentColor\" d=\"M224.1 141c-63.6 0-114.9 51.3-114.9 114.9s51.3 114.9 114.9 114.9S339 319.5 339 255.9 287.7 141 224.1 141zm0 189.6c-41.1 0-74.7-33.5-74.7-74.7s33.5-74.7 74.7-74.7 74.7 33.5 74.7 74.7-33.6 74.7-74.7 74.7zm146.4-194.3c0 14.9-12 26.8-26.8 26.8-14.9 0-26.8-12-26.8-26.8s12-26.8 26.8-26.8 26.8 12 26.8 26.8zm76.1 27.2c-1.7-35.9-9.9-67.7-36.2-93.9-26.2-26.2-58-34.4-93.9-36.2-37-2.1-147.9-2.1-184.9 0-35.8 1.7-67.6 9.9-93.9 36.1s-34.4 58-36.2 93.9c-2.1 37-2.1 147.9 0 184.9 1.7 35.9 9.9 67.7 36.2 93.9s58 34.4 93.9 36.2c37 2.1 147.9 2.1 184.9 0 35.9-1.7 67.7-9.9 93.9-36.2 26.2-26.2 34.4-58 36.2-93.9 2.1-37 2.1-147.8 0-184.8zM398.8 388c-7.8 19.6-22.9 34.7-42.6 42.6-29.5 11.7-99.5 9-132.1 9s-102.7 2.6-132.1-9c-19.6-7.8-34.7-22.9-42.6-42.6-11.7-29.5-9-99.5-9-132.1s-2.6-102.7 9-132.1c7.8-19.6 22.9-34.7 42.6-42.6 29.5-11.7 99.5-9 132.1-9s102.7-2.6 132.1 9c19.6 7.8 34.7 22.9 42.6 42.6 11.7 29.5 9 99.5 9 132.1s2.7 102.7-9 132.1z\"><\/path>\n\t            <\/svg>            <span>Follow on Instagram<\/span>\r\n        <\/a>\r\n    <\/span>\r\n\t\r\n<\/div>\r\n\r\n\t    <span class=\"sbi_resized_image_data\" data-feed-id=\"sbi_17841407045033183#6\" data-resized=\"{&quot;17844285350490331&quot;:{&quot;id&quot;:&quot;128424414_854880155263755_3215229310629790085_n&quot;,&quot;ratio&quot;:&quot;1.00&quot;,&quot;sizes&quot;:{&quot;full&quot;:640,&quot;low&quot;:320}},&quot;17896349974699343&quot;:{&quot;id&quot;:&quot;130907123_211116223845714_6004519965033022680_n&quot;,&quot;ratio&quot;:&quot;1.21&quot;,&quot;sizes&quot;:{&quot;full&quot;:640,&quot;low&quot;:320}},&quot;17848745927661661&quot;:{&quot;id&quot;:&quot;247131419_403316501243461_5909527925498846713_n&quot;,&quot;ratio&quot;:&quot;1.00&quot;,&quot;sizes&quot;:{&quot;full&quot;:640,&quot;low&quot;:320}},&quot;17878087910564862&quot;:{&quot;id&quot;:&quot;253160005_1047889842691953_2261852317504479289_n&quot;,&quot;ratio&quot;:&quot;1.00&quot;,&quot;sizes&quot;:{&quot;full&quot;:640,&quot;low&quot;:320}},&quot;17932438184070324&quot;:{&quot;id&quot;:&quot;275102398_1035588520696815_1369939679428624550_n.webp&quot;,&quot;ratio&quot;:&quot;1.00&quot;,&quot;sizes&quot;:{&quot;full&quot;:640,&quot;low&quot;:320}},&quot;17961358129808978&quot;:{&quot;id&quot;:&quot;301272357_738951804071690_6520837549671088353_n.webp&quot;,&quot;ratio&quot;:&quot;1.34&quot;,&quot;sizes&quot;:{&quot;full&quot;:640,&quot;low&quot;:320}}}\">\n\t<\/span>\n\t<\/div>\r\n\r\n<\/div><div class='clear_column'><\/div>\n","protected":false},"excerpt":{"rendered":"","protected":false},"author":1,"featured_media":0,"parent":0,"menu_order":0,"comment_status":"closed","ping_status":"closed","template":"","meta":{"_monsterinsights_skip_tracking":false,"_monsterinsights_sitenote_active":false,"_monsterinsights_sitenote_note":"","_monsterinsights_sitenote_category":0,"ngg_post_thumbnail":0,"footnotes":""},"class_list":["post-483","page","type-page","status-publish","hentry"],"_links":{"self":[{"href":"https:\/\/michalmisiak.com\/index.php?rest_route=\/wp\/v2\/pages\/483","targetHints":{"allow":["GET"]}}],"collection":[{"href":"https:\/\/michalmisiak.com\/index.php?rest_route=\/wp\/v2\/pages"}],"about":[{"href":"https:\/\/michalmisiak.com\/index.php?rest_route=\/wp\/v2\/types\/page"}],"author":[{"embeddable":true,"href":"https:\/\/michalmisiak.com\/index.php?rest_route=\/wp\/v2\/users\/1"}],"replies":[{"embeddable":true,"href":"https:\/\/michalmisiak.com\/index.php?rest_route=%2Fwp%2Fv2%2Fcomments&post=483"}],"version-history":[{"count":6,"href":"https:\/\/michalmisiak.com\/index.php?rest_route=\/wp\/v2\/pages\/483\/revisions"}],"predecessor-version":[{"id":662,"href":"https:\/\/michalmisiak.com\/index.php?rest_route=\/wp\/v2\/pages\/483\/revisions\/662"}],"wp:attachment":[{"href":"https:\/\/michalmisiak.com\/index.php?rest_route=%2Fwp%2Fv2%2Fmedia&parent=483"}],"curies":[{"name":"wp","href":"https:\/\/api.w.org\/{rel}","templated":true}]}}