{"id":8,"date":"2021-02-05T18:22:43","date_gmt":"2021-02-05T17:22:43","guid":{"rendered":"http:\/\/michalmisiak.com\/?page_id=8"},"modified":"2025-09-12T12:26:12","modified_gmt":"2025-09-12T10:26:12","slug":"publikacje","status":"publish","type":"page","link":"https:\/\/michalmisiak.com\/?page_id=8","title":{"rendered":"Nauka"},"content":{"rendered":"<p><a href=\"https:\/\/www.researchgate.net\/publication\/322915794_Ecology_shapes_moral_judgments_towards_food-wasting_behavior_Evidence_from_the_Yali_of_West_Papua_the_Ngorongoro_Maasai_and_Poles\"><strong><div class='content-column three_fourth'><\/strong><\/a><\/p>\n<p><strong>Lista moich publikacji naukowych<\/strong><\/p>\n<p><em>Marnowanie jedzenia<br><\/em><\/p>\n<p><a href=\"https:\/\/www.sciencedirect.com\/science\/article\/abs\/pii\/S0191886925001461?via%3Dihub\"><strong>Misiak, M., <\/strong>Sobol, M., Stefanczyk, M. M., Sakowski, \u0141., Idziak, P., &amp; Curry, O. S. (2025). Mapping moral judgments of food waste: Moving beyond truisms. <em>Personality and Individual Differences, 241<\/em>, 113184. https:\/\/doi.org\/10.1016\/j.paid.2025.113184<\/a> (Artyku\u0142:&nbsp;<a href=\"https:\/\/michalmisiak.com\/wp-content\/uploads\/2025\/04\/Mapping-moral-judgments-of-food-waste-POSTPRINT.pdf\">Mapping moral judgments of food waste POSTPRINT<\/a>)<\/p>\n<p><a href=\"https:\/\/doi.org\/10.1016\/j.foodqual.2023.105087\"><strong>Misiak, M<\/strong>., Butovskaya, M., &amp; Sorokowski, P. (2024). Nutritional condition and nutrient intake predict moral condemnation of food wasting.<em> Food Quality and Preference,<\/em> 105087. https:\/\/doi.org\/10.1016\/j.foodqual.2023.105087<\/a> (Artyku\u0142: <a href=\"https:\/\/michalmisiak.com\/wp-content\/uploads\/2024\/01\/FQAP_BIAWAS_postprint.pdf\">FQAP_BIAWAS_postprint<\/a>)<\/p>\n<p><a href=\"https:\/\/www.emerald.com\/insight\/content\/doi\/10.1108\/BFJ-07-2022-0641\/full\/html\"><strong>Misiak, M.,<\/strong> Sobol, M., Sakowski, L., Kowal, M., Jurczyk, A. and Wojtycka, L. (2023), &#8222;Five ways to waste food: food wasting behaviours questionnaire&#8221;,<em> British Food Journal, Vol. ahead-of-print No. ahead-of-print. <\/em><\/a>(Artyku\u0142: <a href=\"https:\/\/michalmisiak.com\/wp-content\/uploads\/2023\/12\/BFJ_ScalFooW_Manuscript_postprint.pdf\">BFJ_ScalFooW_Manuscript_postprint<\/a>)<\/p>\n<p><a href=\"https:\/\/www.sciencedirect.com\/science\/article\/abs\/pii\/S0272494419308734\">Sorokowska, A., Marczak, <strong>M., Misiak, M.,<\/strong> Stefa\u0144czyk, M. M., &amp; Sorokowski, P. (2020). Children older than five years do not approve of wasting food: An experimental study on attitudes towards food wasting behavior in children and adults.&nbsp;<i>Journal of Environmental Psychology<\/i>,&nbsp;<i>71<\/i>, 101467.<\/a><\/p>\n<p><a href=\"https:\/\/www.emerald.com\/insight\/content\/doi\/10.1108\/BFJ-07-2019-0576\/full\/html\"><strong>Misiak, M.<\/strong>, Kruger, D., Kruger, J. S., &amp; Sorokowski, P. (2020). Moral judgments of food wasting predict food wasting behavior.&nbsp;<i>British Food Journal<\/i>.<\/a><\/p>\n<p><a href=\"https:\/\/www.biorxiv.org\/content\/10.1101\/750299v1.abstract\">Marczak, M., Marchewka, A., Wypych, M., <strong>Misiak, M.<\/strong>, Drozdziel, D., Sorokowski, P., &amp; Sorokowska, A. (2019). Wasting food is disgusting: Evidence from behavioral and neuroimaging study of moral judgment of food-wasting behavior.&nbsp;<i>bioRxiv<\/i>, 750299.<\/a><\/p>\n<p><a href=\"https:\/\/www.cambridge.org\/core\/journals\/behavioral-and-brain-sciences\/article\/does-the-incentive-hope-hypothesis-explain-foodwasting-behavior-among-humans-yes-and-no\/7C103C8DC9EB41672ED22793AA2774A9\"><strong>Misiak, M.<\/strong>, Sorokowski, P., &amp; Karwowski, M. (2019). Does the \u201cincentive hope\u201d hypothesis explain food-wasting behavior among humans? Yes and no.&nbsp;<i>Behavioral and Brain Sciences<\/i>,&nbsp;<i>42<\/i>. <\/a>(Artyku\u0142: <a href=\"https:\/\/michalmisiak.com\/wp-content\/uploads\/2025\/02\/incentive-hope.pdf\">incentive hope<\/a>)<\/p>\n<p><a href=\"https:\/\/www.researchgate.net\/publication\/322915794_Ecology_shapes_moral_judgments_towards_food-wasting_behavior_Evidence_from_the_Yali_of_West_Papua_the_Ngorongoro_Maasai_and_Poles\"><strong>Misiak, M.<\/strong>, Butovskaya, M., &amp; Sorokowski, P. (2018). Ecology shapes moral judgments towards food-wasting behavior: Evidence from the Yali of West Papua, the Ngorongoro Maasai, and Poles.&nbsp;<i>Appetite<\/i>.&nbsp;<\/a> (Artyku\u0142: <a href=\"https:\/\/michalmisiak.com\/wp-content\/uploads\/2025\/09\/Ecology-shapes-moral-judgments-towards-food-wasting-behaviorEvidence-from-the-Yali-of-West-Papua-the-Ngorongoro-Maasai-andPoles.pdf\">Ecology shapes moral judgments towards food-wasting behavior<\/a>)<\/p>\n<p><em>Inne<\/em><\/p>\n<p><strong>Misiak, M.,<\/strong> Paruzel-Czachura, M., Butovskaya, M., Karwowski, M., &amp; Sorokowski, P. (n.d.). Unear (thing the Foundations: Testing the Universality of Moral Foundations Theory in Three Small-Scale Populations. <a href=\"https:\/\/michalmisiak.com\/wp-content\/uploads\/2025\/08\/Unearthing-the-Foundations-Preprint.pdf\">(preprint &#8211; Unearthing the Foundations)<\/a><\/p>\n<p><a href=\"https:\/\/onlinelibrary.wiley.com\/doi\/abs\/10.1111\/pops.70024\"><strong>Misiak, M.,<\/strong> Kavanagh, C., Muzzulini, B., &amp; Whitehouse, H. (2025). Bonding through adversity: Effects of Brexit and COVID\u201019 lockdown on identity fusion and pro\u2010group behavior. Political Psychology. https:\/\/doi.org\/10.1111\/pops.70024<\/a> (Artyku\u0142: <a href=\"https:\/\/michalmisiak.com\/wp-content\/uploads\/2025\/04\/Bonding-through-adversity-Postprint.pdf\">Bonding through adversity POSTPRINT<\/a>)<\/p>\n<p><a href=\"https:\/\/www.sciencedirect.com\/science\/article\/abs\/pii\/S0736585325000103\"><strong>Misiak, M.<\/strong>, Urbanek, A., Frackowiak, T., &amp; Sorokowski, P. (2025). Who wants to be a YouTuber? Personality traits predict the desire to become a social media influencer. <em>Telematics and Informatics, 102248<\/em>. https:\/\/doi.org\/10.1016\/j.tele.2025.102248<\/a> (Artyku\u0142: <a href=\"https:\/\/michalmisiak.com\/wp-content\/uploads\/2025\/02\/Who-wants-to-be-a-Youtuber-POSTPRINT.pdf\">Who wants to be a Youtuber POSTPRINT<\/a>)<\/p>\n<p><a href=\"https:\/\/econtent.hogrefe.com\/doi\/abs\/10.1027\/1864-9335\/a000525?journalCode=zsp\">J\u0119dryczka, W., <strong>Misiak, M<\/strong>., &amp; Whitehouse, H. (2023). Explaining Political Polarization Over Abortion. <\/a><em>Social Psychology. (<\/em>Artyku\u0142: <a href=\"https:\/\/michalmisiak.com\/wp-content\/uploads\/2023\/07\/Morality_X_Abortion_Postprint.pdf\">Morality_X_Abortion_Postprint<\/a>)&nbsp;<\/p>\n<p><a href=\"https:\/\/www.tandfonline.com\/doi\/abs\/10.1080\/01973533.2023.2174868\"><strong>Misiak, M.<\/strong>, Curry, O. S., &amp; Ture\u010dek, P. (2023). Moral Messaging: Testing a Framing Technique during a Pandemic. <em>Basic and Applied Social Psychology,<\/em> 1-11.<\/a> (Artyku\u0142:&nbsp;<a href=\"https:\/\/michalmisiak.com\/wp-content\/uploads\/2023\/02\/Moral-Messaging_BASP_Postprint.pdf\">Moral Messaging_BASP_Postprint<\/a>)<\/p>\n<p><a href=\"https:\/\/osf.io\/gmfs9\">Bia\u0142ek, M., <strong>Misiak, M.<\/strong>, &amp; Dziekan, M. (2021). Why is the statistical revolution not progressing? Vicious cycle of the scientific reform. <em>OSF Preprints<\/em><\/a><\/p>\n<p><a href=\"https:\/\/scholar.google.pl\/citations?view_op=view_citation&amp;hl=pl&amp;user=enIKoj8AAAAJ&amp;sortby=pubdate&amp;citation_for_view=enIKoj8AAAAJ:RYcK_YlVTxYC\">Wang, K., Goldenberg, A., Dorison, C. A., Miller, J. K., Uusberg, A., Lerner, J. S., &#8230; <strong>Misiak, M.,<\/strong> &amp; Isager, P. M. (2021). A multi-country test of brief reappraisal interventions on emotions during the COVID-19 pandemic. <i>Nature Human Behaviour<\/i>,&nbsp;<i>5<\/i>(8), 1089-1110.<\/a><\/p>\n<p><a href=\"https:\/\/psyarxiv.com\/n3dyf\/\">Legate, N., Nguyen, T. T., Weinstein, N., Moller, A. C., Legault, L., Maniaci, M. R., &#8230; <strong>Misiak, M.,<\/strong> &#8230; &amp; Chou, W. (2021). A Global Experiment on Motivating Social Distancing during the COVID-19 Pandemic.<\/a><\/p>\n<p><a href=\"https:\/\/www.mdpi.com\/1660-4601\/18\/5\/2526\">Morelli, M., Urbini, F., Bianchi, D., Baiocco, R., Cattelino, E., Laghi, F., &#8230; <strong>Misiak, M.,<\/strong> &#8230; &amp; Chirumbolo, A. (2021). The relationship between dark triad personality traits and sexting behaviors among adolescents and young adults across 11 countries. <i>International journal of environmental research and public health<\/i>,&nbsp;<i>18<\/i>(5), 2526.<\/a><\/p>\n<p><a href=\"https:\/\/onlinelibrary.wiley.com\/doi\/abs\/10.1002\/ejsp.2747\">Sorokowska, A., Marczak, M., <strong>Misiak, M.<\/strong>, Oleszkiewicz, A., Niemczyk, A., Wr\u00f3bel, M., &amp; Sorokowski, P. (2021). Humans tend to share food more generously than money and other objects: Preliminary evidence.&nbsp;<i>European Journal of Social Psychology<\/i>.<\/a><\/p>\n<p><a href=\"https:\/\/www.sciencedirect.com\/science\/article\/abs\/pii\/S0747563220302545\">Morelli, M., Chirumbolo, A., Bianchi, D., Baiocco, R., Cattelino, E., Laghi, F., &#8230; <strong>Misiak, M.,<\/strong> &#8230; &amp; Marshall, A. (2020). The role of HEXACO personality traits in different kinds of sexting: A cross-cultural study in 10 countries. <i>Computers in Human Behavior<\/i>, 106502.<\/a><\/p>\n<p><a href=\"https:\/\/www.frontiersin.org\/articles\/10.3389\/fpsyg.2020.00373\/full?report=reader\">Butovskaya, M., Marczak, M., <strong>Misiak, M.<\/strong>, Karelin, D., Bia\u0142ek, M., &amp; Sorokowski, P. (2020). Approach to resource management and physical strength predict differences in helping: Evidence from two small-scale societies.&nbsp;<i>Frontiers in psychology<\/i>,&nbsp;<i>11<\/i>, 373.<\/a><\/p>\n<p><a href=\"https:\/\/link.springer.com\/article\/10.3758\/s13423-019-01700-y\">Sorokowski, P., Marczak, M., <strong>Misiak, M.<\/strong>, &amp; Bia\u0142ek, M. (2020). Trolley Dilemma in Papua. Yali horticulturalists refuse to pull the lever. <i>Psychonomic Bulletin &amp; Review<\/i>, 1-6.<\/a><\/p>\n<p><a href=\"https:\/\/onlinelibrary.wiley.com\/doi\/full\/10.1002\/ajhb.23321?casa_token=q7gdyKUVN70AAAAA%3A8LlYFz7l0W-479YGyscT1YI7aINRpiSgcRAcjPENGmeipY1sigkXdA46_3lENAlC6NLYsae2W8FUXrc\"><strong>Misiak, M.,<\/strong> Butovskaya, M., Oleszkiewicz, A., &amp; Sorokowski, P. (2019). Digit ratio and hand grip strength are associated with male competition outcomes: A study among traditional populations of the Yali and Hadza.&nbsp;<i>American Journal of Human Biology<\/i>, e23321.<\/a><\/p>\n<p><a href=\"https:\/\/www.frontiersin.org\/articles\/10.3389\/fpsyg.2019.00242\/full?report=reader\">Sorokowski, P., Karwowski, M., <strong>Misiak, M.<\/strong>, Marczak, M. K., Dziekan, M., Hummel, T., &amp; Sorokowska, A. (2019). Sex differences in human olfaction: a meta-analysis.&nbsp;<i>Frontiers in psychology<\/i>,&nbsp;<i>10<\/i>, 242.<\/a><\/p>\n<p><a href=\"http:\/\/onlinelibrary.wiley.com\/doi\/10.1002\/ajhb.23078\/full#references\">Marczak, M., <strong>Misiak, M.<\/strong>, Sorokowska, A., &amp; Sorokowski, P. (2017). No sex difference in digit ratios (2D: 4D) in the traditional Yali of Papua and its meaning for the previous hypotheses on the inter\u2010populational variability in 2D: 4D.&nbsp;<i>American Journal of Human Biology<\/i>.<\/a><\/p>\n<p><a href=\"https:\/\/www.researchgate.net\/publication\/317204703_The_Pikachu_Effect_Social_and_Health_Gaming_Motivations_Lead_to_Greater_Benefits_of_Pokemon_GO_Use\">Kaczmarek, L. D., <strong>Misiak, M.<\/strong>, Behnke, M., Dziekan, M., &amp; Guzik, P. (2017). The Pikachu effect: Social and health gaming motivations lead to greater benefits of Pok\u00e9mon GO use.&nbsp;<i>Computers in Human Behavior<\/i>,&nbsp;<i>75<\/i>, 356-363.<\/a><\/p>\n<p><a href=\"https:\/\/www.nature.com\/articles\/s41598-017-10484-x\">Sorokowski, P., Groyecka, A., Karwowski, M., Manral, U., Kumar, A., Niemczyk, A., Marczak, M.,&nbsp;<strong>Misiak, M.<\/strong>&nbsp;&#8230; &amp; Conde, E. (2017). Free mate choice does not influence reproductive success in humans.&nbsp;<i>Scientific reports<\/i>,&nbsp;<i>7<\/i>(1), 10127.<\/a><\/p>\n<p><a href=\"http:\/\/onlinelibrary.wiley.com\/doi\/10.1002\/ajhb.22981\/full\">Groyecka, A., \u017bela\u017aniewicz, A.,<strong> Misiak, M<\/strong>., Karwowski, M., &amp; Sorokowski, P. (2017). Breast shape (ptosis) as a marker of a woman&#8217;s breast attractiveness and age: Evidence from Poland and Papua.&nbsp;<i>American Journal of Human Biology<\/i>,&nbsp;<i>29<\/i>(4).<\/a><\/p>\n<p><a href=\"https:\/\/www.researchgate.net\/publication\/270819854_Prenatal_exposure_to_sex_hormones_predicts_gratitude_intervention_use_Examination_of_digit_ratio_motivational_beliefs_and_online_activities\"><strong>Misiak, M<\/strong>., Kaczmarek, L. D., Kashdan, T. B., Zimny, M., Urba\u0144ski, H., Zasi\u0144ski, A., &amp; Disabato, D. (2015). Prenatal exposure to sex hormones predicts gratitude intervention use. Examination of digit ratio, motivational beliefs, and online activities.&nbsp;<i>Personality and Individual Differences<\/i>,&nbsp;<i>77<\/i>, 68-73.<\/a><a href=\"https:\/\/www.researchgate.net\/publication\/322915794_Ecology_shapes_moral_judgments_towards_food-wasting_behavior_Evidence_from_the_Yali_of_West_Papua_the_Ngorongoro_Maasai_and_Poles\"><strong><\/div><\/strong><\/a><\/p>\n<p>List\u0119 moich publikacji naukowych mo\u017cna r\u00f3wnie\u017c znale\u017a\u0107 na <strong>Google Scholar<\/strong> i <strong>Research Gate<\/strong>. Zach\u0119cam do \u015bledzenia!<\/p>\n<p><a href=\"https:\/\/scholar.google.pl\/citations?user=enIKoj8AAAAJ&amp;hl=pl&amp;oi=ao\"><img loading=\"lazy\" decoding=\"async\" class=\"wp-image-70 alignleft\" src=\"https:\/\/michalmisiak.com\/wp-content\/uploads\/2017\/10\/Google-Scholar-logo-150x150.png\" alt=\"\" width=\"130\" height=\"130\"><\/a><a href=\"https:\/\/www.researchgate.net\/profile\/Michal_Misiak\"><img loading=\"lazy\" decoding=\"async\" class=\"alignleft wp-image-71\" src=\"https:\/\/michalmisiak.com\/wp-content\/uploads\/2017\/10\/rg-300x300.png\" alt=\"\" width=\"130\" height=\"130\" srcset=\"https:\/\/michalmisiak.com\/wp-content\/uploads\/2017\/10\/rg-300x300.png 300w, https:\/\/michalmisiak.com\/wp-content\/uploads\/2017\/10\/rg-150x150.png 150w, https:\/\/michalmisiak.com\/wp-content\/uploads\/2017\/10\/rg.png 500w\" sizes=\"auto, (max-width: 130px) 100vw, 130px\" \/><\/a><a href=\"https:\/\/www.researchgate.net\/profile\/Michal_Misiak-WROC\"><br><\/a><\/p>\n\n\n<p><\/p>\n","protected":false},"excerpt":{"rendered":"<p>List\u0119 moich publikacji naukowych mo\u017cna r\u00f3wnie\u017c znale\u017a\u0107 na Google Scholar i Research Gate. Zach\u0119cam do \u015bledzenia!<\/p>\n","protected":false},"author":1,"featured_media":0,"parent":0,"menu_order":0,"comment_status":"closed","ping_status":"closed","template":"","meta":{"_monsterinsights_skip_tracking":false,"_monsterinsights_sitenote_active":false,"_monsterinsights_sitenote_note":"","_monsterinsights_sitenote_category":0,"ngg_post_thumbnail":0,"footnotes":""},"class_list":["post-8","page","type-page","status-publish","hentry"],"_links":{"self":[{"href":"https:\/\/michalmisiak.com\/index.php?rest_route=\/wp\/v2\/pages\/8","targetHints":{"allow":["GET"]}}],"collection":[{"href":"https:\/\/michalmisiak.com\/index.php?rest_route=\/wp\/v2\/pages"}],"about":[{"href":"https:\/\/michalmisiak.com\/index.php?rest_route=\/wp\/v2\/types\/page"}],"author":[{"embeddable":true,"href":"https:\/\/michalmisiak.com\/index.php?rest_route=\/wp\/v2\/users\/1"}],"replies":[{"embeddable":true,"href":"https:\/\/michalmisiak.com\/index.php?rest_route=%2Fwp%2Fv2%2Fcomments&post=8"}],"version-history":[{"count":40,"href":"https:\/\/michalmisiak.com\/index.php?rest_route=\/wp\/v2\/pages\/8\/revisions"}],"predecessor-version":[{"id":661,"href":"https:\/\/michalmisiak.com\/index.php?rest_route=\/wp\/v2\/pages\/8\/revisions\/661"}],"wp:attachment":[{"href":"https:\/\/michalmisiak.com\/index.php?rest_route=%2Fwp%2Fv2%2Fmedia&parent=8"}],"curies":[{"name":"wp","href":"https:\/\/api.w.org\/{rel}","templated":true}]}}